{"id":8,"date":"2014-04-02T18:47:58","date_gmt":"2014-04-02T18:47:58","guid":{"rendered":"http:\/\/heuer-naehmaschinen.de\/?page_id=8"},"modified":"2015-02-20T13:00:49","modified_gmt":"2015-02-20T13:00:49","slug":"neumaschinen","status":"publish","type":"page","link":"http:\/\/heuer-naehmaschinen.de\/?page_id=8","title":{"rendered":"Neumaschinen"},"content":{"rendered":"<p>Sollten Sie Interesse an einer der unten aufgef\u00fchrten N\u00e4hmaschinen haben, unterbreiten wir Ihnen gerne ein unverbindliches Angebot.<\/p>\n<h1>271\/272<\/h1>\n<h1>Doppelsteppstichmaschine mit integriertem N\u00e4hantrieb und Fadeneinziehvorrichtung<\/h1>\n<p><a href=\"http:\/\/heuer-naehmaschinen.de\/wp-content\/uploads\/2014\/04\/271_272_de_en_fr_03-2008.pdf\"><img loading=\"lazy\" decoding=\"async\" class=\"alignnone size-medium wp-image-118\" src=\"http:\/\/heuer-naehmaschinen.de\/wp-content\/uploads\/2014\/04\/272.jpg\" alt=\"267-373\" width=\"300\" height=\"199\" \/><\/a><\/p>\n<h1>273\/274<\/h1>\n<h1>Das Kraftpaket f\u00fcr Dekorarbeiten mit Puller<\/h1>\n<p><a href=\"http:\/\/heuer-naehmaschinen.de\/wp-content\/uploads\/2014\/04\/273_274_D_GB_F.pdf\"><img loading=\"lazy\" decoding=\"async\" class=\"alignnone size-medium wp-image-118\" src=\"http:\/\/heuer-naehmaschinen.de\/wp-content\/uploads\/2014\/04\/274-300x199.jpg\" alt=\"267-373\" width=\"300\" height=\"199\" \/><\/a><\/p>\n<h1>524i<\/h1>\n<h1>Die robusten, vielseitigen Zickzackmaschinen in einer weiterentwickelten Ausf\u00fchrung<\/h1>\n<p><a href=\"http:\/\/www2.duerkopp-adler.com\/export\/sites\/duerkoppadler\/commons\/download\/public\/524i\/Leaflet_523i_524i_527i_DE_GB.pdf\"><img loading=\"lazy\" decoding=\"async\" class=\"alignnone size-medium wp-image-118\" src=\"http:\/\/heuer-naehmaschinen.de\/wp-content\/uploads\/2014\/04\/524i-300x199.jpg\" alt=\"267-373\" width=\"300\" height=\"199\" \/><\/a><\/p>\n<h1>667<\/h1>\n<h1>Die neue M-TYPE Doppelsteppstich &#8211; Flachbettmaschine mit gro\u00dfem Horizontalgreifer in der CLASSIC Silverline Ausf\u00fchrung<\/h1>\n<p><a href=\"http:\/\/heuer-naehmaschinen.de\/wp-content\/uploads\/2014\/04\/667_deen_12-2012.pdf\"><img loading=\"lazy\" decoding=\"async\" class=\"alignnone size-medium wp-image-118\" src=\"http:\/\/heuer-naehmaschinen.de\/wp-content\/uploads\/2014\/04\/667_180010-300x199.jpg\" alt=\"267-373\" width=\"300\" height=\"199\" \/><\/a><\/p>\n<h1>M-TYPE 669 CLASSIC \u2013 der Spezialist f\u00fcr tubul\u00e4re N\u00e4hgutteil<\/h1>\n<p><a href=\"http:\/\/heuer-naehmaschinen.de\/wp-content\/uploads\/2014\/04\/669_de_en_fr.pdf\"><img loading=\"lazy\" decoding=\"async\" class=\"alignnone size-medium wp-image-118\" src=\"http:\/\/heuer-naehmaschinen.de\/wp-content\/uploads\/2014\/04\/669-300x199.jpg\" alt=\"267-373\" width=\"300\" height=\"199\" \/><\/a><\/p>\n<h1>867-M<\/h1>\n<h1>Exzellente N\u00e4htechnik trifft auf kraftvollen und energieeffizienten Gleichstrom-Direktantrieb<\/h1>\n<p><a href=\"http:\/\/heuer-naehmaschinen.de\/wp-content\/uploads\/2014\/04\/867-M_classic_deen_04-2013.pdf\"><img loading=\"lazy\" decoding=\"async\" class=\"alignnone size-medium wp-image-45\" src=\"http:\/\/heuer-naehmaschinen.de\/wp-content\/uploads\/2014\/04\/867-190342-m_title-300x199.jpg\" alt=\"867-190342-m_title\" width=\"300\" height=\"173\" \/><\/a><\/p>\n<h1>M-TYPE 867-70-M in der Langarm Ausf\u00fchrung f\u00fcr vielseitige Ein-und Zweinadelarbeiten<\/h1>\n<p><a href=\"http:\/\/heuer-naehmaschinen.de\/wp-content\/uploads\/2014\/04\/867-70_de_en.pdf\"><img loading=\"lazy\" decoding=\"async\" class=\"alignnone size-medium wp-image-44\" src=\"http:\/\/heuer-naehmaschinen.de\/wp-content\/uploads\/2014\/04\/dur1-300x199.jpg\" alt=\"dur1\" width=\"300\" height=\"199\" srcset=\"http:\/\/heuer-naehmaschinen.de\/wp-content\/uploads\/2014\/04\/dur1-300x199.jpg 300w, http:\/\/heuer-naehmaschinen.de\/wp-content\/uploads\/2014\/04\/dur1-1024x679.jpg 1024w, http:\/\/heuer-naehmaschinen.de\/wp-content\/uploads\/2014\/04\/dur1.jpg 1089w\" sizes=\"auto, (max-width: 300px) 100vw, 300px\" \/><\/a><\/p>\n<h1>H867-70 \u2013 Die kraftvolle Einnadel-Langarmmaschine mit erh\u00f6htem Durchlass und 3XL Greifer<\/h1>\n<p><a href=\"http:\/\/heuer-naehmaschinen.de\/wp-content\/uploads\/2014\/04\/H867langarm.pdf\"><img loading=\"lazy\" decoding=\"async\" class=\"alignnone size-medium wp-image-44\" src=\"http:\/\/heuer-naehmaschinen.de\/wp-content\/uploads\/2014\/04\/H867.jpg\" alt=\"dur1\" width=\"300\" height=\"199\" \/><\/a><\/p>\n<h1>H-TYPE 967 \u2013 Spezialist f\u00fcr extreme N\u00e4happlikationen<\/h1>\n<p><a href=\"http:\/\/heuer-naehmaschinen.de\/wp-content\/uploads\/2014\/04\/967.pdf\"><img loading=\"lazy\" decoding=\"async\" class=\"alignnone size-medium wp-image-44\" src=\"http:\/\/heuer-naehmaschinen.de\/wp-content\/uploads\/2014\/04\/967-300x199.jpg\" alt=\"dur1\" width=\"300\" height=\"199\" \/><\/a><\/p>\n<h1>H-TYPE 969 \u2013 Spezialist f\u00fcr extreme N\u00e4happlikationen<\/h1>\n<p><a href=\"http:\/\/www.duerkopp-adler.com\/export\/sites\/duerkoppadler\/commons\/download\/public\/969\/DA_969_deen_08-2014.pdf\"><img loading=\"lazy\" decoding=\"async\" class=\"alignnone size-medium wp-image-44\" src=\"http:\/\/heuer-naehmaschinen.de\/wp-content\/uploads\/2014\/04\/969.jpg\" alt=\"dur1\" width=\"300\" height=\"199\" \/><\/a><\/p>\n<h1>M-TYPE 868-M Die Zweinadel-S\u00e4ulenmaschine mit integriertem N\u00e4hantrieb f\u00fcr perfekte Aussteppn\u00e4hte<\/h1>\n<p><a href=\"http:\/\/heuer-naehmaschinen.de\/wp-content\/uploads\/2014\/04\/868_de_en_fr.pdf\"><img loading=\"lazy\" decoding=\"async\" class=\"alignnone size-medium wp-image-44\" src=\"http:\/\/heuer-naehmaschinen.de\/wp-content\/uploads\/2014\/04\/868-490322-300x199.jpg\" alt=\"dur1\" width=\"300\" height=\"199\" \/><\/a><\/p>\n<h1>M-TYPE 868-M CLASSIC \u2013 die S\u00e4ulenmaschine mit schaltbaren Nadelstangen und integriertem N\u00e4hantrieb<\/h1>\n<p><a href=\"http:\/\/heuer-naehmaschinen.de\/wp-content\/uploads\/2014\/04\/867-868-490322hochstellbarenadel.pdf\"><img loading=\"lazy\" decoding=\"async\" class=\"alignnone size-medium wp-image-44\" src=\"http:\/\/heuer-naehmaschinen.de\/wp-content\/uploads\/2014\/04\/868-490322-300x199.jpg\" alt=\"dur1\" width=\"300\" height=\"199\" \/><\/a><\/p>\n<h1>911 N\u00e4hanlage<\/h1>\n<h1>CNC-gesteuerte N\u00e4hanlage f\u00fcr den Einsatz im mittelschweren Anwendungsbereich<\/h1>\n<p><a href=\"http:\/\/heuer-naehmaschinen.de\/wp-content\/uploads\/2014\/04\/911.pdf\"><img loading=\"lazy\" decoding=\"async\" class=\"alignnone size-medium wp-image-44\" src=\"http:\/\/heuer-naehmaschinen.de\/wp-content\/uploads\/2014\/04\/911-300x199.jpg\" alt=\"dur1\" width=\"300\" height=\"199\" \/><\/a><\/p>\n","protected":false},"excerpt":{"rendered":"<p>Sollten Sie Interesse an einer der unten aufgef\u00fchrten N\u00e4hmaschinen haben, unterbreiten wir Ihnen gerne ein unverbindliches Angebot. 271\/272 Doppelsteppstichmaschine mit integriertem N\u00e4hantrieb und Fadeneinziehvorrichtung 273\/274 Das Kraftpaket f\u00fcr Dekorarbeiten mit Puller 524i Die robusten, vielseitigen Zickzackmaschinen in einer weiterentwickelten Ausf\u00fchrung 667 Die neue M-TYPE Doppelsteppstich &#8211; Flachbettmaschine mit gro\u00dfem Horizontalgreifer in der CLASSIC Silverline Ausf\u00fchrung [&hellip;]<\/p>\n","protected":false},"author":1,"featured_media":0,"parent":0,"menu_order":0,"comment_status":"closed","ping_status":"closed","template":"templates\/template-full.php","meta":{"footnotes":""},"class_list":["post-8","page","type-page","status-publish","hentry","post"],"_links":{"self":[{"href":"http:\/\/heuer-naehmaschinen.de\/index.php?rest_route=\/wp\/v2\/pages\/8","targetHints":{"allow":["GET"]}}],"collection":[{"href":"http:\/\/heuer-naehmaschinen.de\/index.php?rest_route=\/wp\/v2\/pages"}],"about":[{"href":"http:\/\/heuer-naehmaschinen.de\/index.php?rest_route=\/wp\/v2\/types\/page"}],"author":[{"embeddable":true,"href":"http:\/\/heuer-naehmaschinen.de\/index.php?rest_route=\/wp\/v2\/users\/1"}],"replies":[{"embeddable":true,"href":"http:\/\/heuer-naehmaschinen.de\/index.php?rest_route=%2Fwp%2Fv2%2Fcomments&post=8"}],"version-history":[{"count":61,"href":"http:\/\/heuer-naehmaschinen.de\/index.php?rest_route=\/wp\/v2\/pages\/8\/revisions"}],"predecessor-version":[{"id":231,"href":"http:\/\/heuer-naehmaschinen.de\/index.php?rest_route=\/wp\/v2\/pages\/8\/revisions\/231"}],"wp:attachment":[{"href":"http:\/\/heuer-naehmaschinen.de\/index.php?rest_route=%2Fwp%2Fv2%2Fmedia&parent=8"}],"curies":[{"name":"wp","href":"https:\/\/api.w.org\/{rel}","templated":true}]}}